{"id":584,"date":"2023-10-12T22:31:12","date_gmt":"2023-10-12T22:31:12","guid":{"rendered":"https:\/\/deakhamor.ro\/?page_id=584"},"modified":"2026-04-15T10:15:23","modified_gmt":"2026-04-15T10:15:23","slug":"elelmiszer","status":"publish","type":"page","link":"https:\/\/deakhamor.ro\/ro\/elelmiszer\/","title":{"rendered":"Alimente"},"content":{"rendered":"<p>[et_pb_section fb_built=&#8221;1&#8243; admin_label=&#8221;Subscribe&#8221; _builder_version=&#8221;4.21.2&#8243; background_color=&#8221;RGBA(255,255,255,0)&#8221; background_image=&#8221;https:\/\/deakhamor.ro\/wp-content\/uploads\/2023\/10\/Alimente-cover.webp&#8221; background_blend=&#8221;soft-light&#8221; custom_padding=&#8221;172px|0px|216px|0px||&#8221; global_colors_info=&#8221;{}&#8221;][\/et_pb_section][et_pb_section fb_built=&#8221;1&#8243; admin_label=&#8221;Features&#8221; _builder_version=&#8221;4.16&#8243; global_colors_info=&#8221;{}&#8221;][et_pb_row column_structure=&#8221;1_4,1_4,1_4,1_4&#8243; _builder_version=&#8221;4.21.2&#8243; _module_preset=&#8221;default&#8221; global_colors_info=&#8221;{}&#8221;][et_pb_column type=&#8221;1_4&#8243; _builder_version=&#8221;4.21.2&#8243; _module_preset=&#8221;default&#8221; global_colors_info=&#8221;{}&#8221;][et_pb_image src=&#8221;https:\/\/deakhamor.ro\/wp-content\/uploads\/2026\/04\/surasul-soarelui-e1776242447473.png&#8221; title_text=&#8221;surasul soarelui&#8221; show_in_lightbox=&#8221;on&#8221; align=&#8221;center&#8221; _builder_version=&#8221;4.27.3&#8243; _module_preset=&#8221;default&#8221; global_colors_info=&#8221;{}&#8221;][\/et_pb_image][et_pb_text _builder_version=&#8221;4.27.3&#8243; _module_preset=&#8221;default&#8221; text_font=&#8221;Poppins||||||||&#8221; text_text_color=&#8221;#000000&#8243; header_2_font=&#8221;Poppins|700|||||||&#8221; header_3_font=&#8221;Bebas Neue|800|||||||&#8221; header_3_text_color=&#8221;#E02B20&#8243; header_3_font_size=&#8221;30px&#8221; header_3_line_height=&#8221;1.5em&#8221; text_orientation=&#8221;center&#8221; global_colors_info=&#8221;{}&#8221;]<\/p>\n<h2>Ulei Surasul soarelui<\/h2>\n<h2>1L<\/h2>\n<h4>6buc\/bax<\/h4>\n<h3>7,50 Lei.<\/h3>\n<p>[\/et_pb_text][\/et_pb_column][et_pb_column type=&#8221;1_4&#8243; _builder_version=&#8221;4.21.2&#8243; _module_preset=&#8221;default&#8221; global_colors_info=&#8221;{}&#8221;][et_pb_image src=&#8221;https:\/\/deakhamor.ro\/wp-content\/uploads\/2026\/04\/aro-olaj-e1776242546546.png&#8221; title_text=&#8221;aro olaj&#8221; show_in_lightbox=&#8221;on&#8221; align=&#8221;center&#8221; _builder_version=&#8221;4.27.3&#8243; _module_preset=&#8221;default&#8221; global_colors_info=&#8221;{}&#8221;][\/et_pb_image][et_pb_text _builder_version=&#8221;4.27.3&#8243; _module_preset=&#8221;default&#8221; text_font=&#8221;Poppins||||||||&#8221; text_text_color=&#8221;#000000&#8243; header_2_font=&#8221;Poppins|700|||||||&#8221; header_3_font=&#8221;Bebas Neue|800|||||||&#8221; header_3_text_color=&#8221;#E02B20&#8243; header_3_font_size=&#8221;30px&#8221; header_3_line_height=&#8221;1.5em&#8221; text_orientation=&#8221;center&#8221; global_colors_info=&#8221;{}&#8221;]<\/p>\n<h2>Ulei Aro<\/h2>\n<h2>1 L<\/h2>\n<p>6buc\/bax<\/p>\n<h3>7,49 LEI<\/h3>\n<p>[\/et_pb_text][\/et_pb_column][et_pb_column type=&#8221;1_4&#8243; _builder_version=&#8221;4.21.2&#8243; _module_preset=&#8221;default&#8221; global_colors_info=&#8221;{}&#8221;][et_pb_image src=&#8221;https:\/\/deakhamor.ro\/wp-content\/uploads\/2026\/04\/diamant-cukor-e1776242657681.png&#8221; title_text=&#8221;diamant cukor&#8221; align=&#8221;center&#8221; _builder_version=&#8221;4.27.3&#8243; _module_preset=&#8221;default&#8221; global_colors_info=&#8221;{}&#8221;][\/et_pb_image][et_pb_text _builder_version=&#8221;4.27.3&#8243; _module_preset=&#8221;default&#8221; text_font=&#8221;Poppins||||||||&#8221; text_text_color=&#8221;#000000&#8243; header_2_font=&#8221;Poppins|700|||||||&#8221; header_3_font=&#8221;Bebas Neue|800|||||||&#8221; header_3_text_color=&#8221;#E02B20&#8243; header_3_font_size=&#8221;30px&#8221; header_3_line_height=&#8221;1.5em&#8221; text_orientation=&#8221;center&#8221; global_colors_info=&#8221;{}&#8221;]<\/p>\n<h2>Zahar Diamant<\/h2>\n<h2>1 kg<\/h2>\n<p>&#8211; 10buc\/bax<\/p>\n<h3>3,80 Lei<\/h3>\n<p>[\/et_pb_text][\/et_pb_column][et_pb_column type=&#8221;1_4&#8243; _builder_version=&#8221;4.21.2&#8243; _module_preset=&#8221;default&#8221; global_colors_info=&#8221;{}&#8221;][et_pb_image src=&#8221;https:\/\/deakhamor.ro\/wp-content\/uploads\/2023\/10\/Alim-04.jpg&#8221; title_text=&#8221;Alim-04&#8243; align=&#8221;center&#8221; _builder_version=&#8221;4.21.2&#8243; _module_preset=&#8221;default&#8221; global_colors_info=&#8221;{}&#8221;][\/et_pb_image][et_pb_text _builder_version=&#8221;4.27.3&#8243; _module_preset=&#8221;default&#8221; text_font=&#8221;Poppins||||||||&#8221; text_text_color=&#8221;#000000&#8243; header_2_font=&#8221;Poppins|700|||||||&#8221; header_3_font=&#8221;Bebas Neue|800|||||||&#8221; header_3_text_color=&#8221;#E02B20&#8243; header_3_font_size=&#8221;30px&#8221; header_3_line_height=&#8221;1.5em&#8221; text_orientation=&#8221;center&#8221; global_colors_info=&#8221;{}&#8221;]<\/p>\n<h2>Faina Pambac<br \/>1kg<\/h2>\n<p>10buc\/bax<\/p>\n<h3>2,80 Lei<\/h3>\n<p>[\/et_pb_text][\/et_pb_column][\/et_pb_row][et_pb_row column_structure=&#8221;1_2,1_2&#8243; _builder_version=&#8221;4.27.3&#8243; _module_preset=&#8221;default&#8221; global_colors_info=&#8221;{}&#8221;][et_pb_column type=&#8221;1_2&#8243; _builder_version=&#8221;4.21.2&#8243; _module_preset=&#8221;default&#8221; global_colors_info=&#8221;{}&#8221;][et_pb_image src=&#8221;https:\/\/deakhamor.ro\/wp-content\/uploads\/2023\/10\/Alim-05.jpg&#8221; title_text=&#8221;Alim-05&#8243; show_in_lightbox=&#8221;on&#8221; align=&#8221;center&#8221; _builder_version=&#8221;4.21.2&#8243; _module_preset=&#8221;default&#8221; global_colors_info=&#8221;{}&#8221;][\/et_pb_image][et_pb_text _builder_version=&#8221;4.21.2&#8243; _module_preset=&#8221;default&#8221; text_font=&#8221;Poppins||||||||&#8221; text_text_color=&#8221;#000000&#8243; header_2_font=&#8221;Poppins|700|||||||&#8221; header_3_font=&#8221;Bebas Neue|800|||||||&#8221; header_3_text_color=&#8221;#E02B20&#8243; header_3_font_size=&#8221;30px&#8221; header_3_line_height=&#8221;1.5em&#8221; text_orientation=&#8221;center&#8221; global_colors_info=&#8221;{}&#8221;]<\/p>\n<h2>Faina Gyermelyi<br \/>1kg<\/h2>\n<h4>10buc\/bax<\/h4>\n<h3>3,30 Lei<\/h3>\n<p>[\/et_pb_text][\/et_pb_column][et_pb_column type=&#8221;1_2&#8243; _builder_version=&#8221;4.21.2&#8243; _module_preset=&#8221;default&#8221; global_colors_info=&#8221;{}&#8221;][et_pb_image src=&#8221;https:\/\/deakhamor.ro\/wp-content\/uploads\/2023\/10\/Alim-07.jpg&#8221; title_text=&#8221;Alim-07&#8243; align=&#8221;center&#8221; _builder_version=&#8221;4.21.2&#8243; _module_preset=&#8221;default&#8221; global_colors_info=&#8221;{}&#8221;][\/et_pb_image][et_pb_text _builder_version=&#8221;4.21.2&#8243; _module_preset=&#8221;default&#8221; text_font=&#8221;Poppins||||||||&#8221; text_text_color=&#8221;#000000&#8243; header_2_font=&#8221;Poppins|700|||||||&#8221; header_3_font=&#8221;Bebas Neue|800|||||||&#8221; header_3_text_color=&#8221;#E02B20&#8243; header_3_font_size=&#8221;30px&#8221; header_3_line_height=&#8221;1.5em&#8221; text_orientation=&#8221;center&#8221; global_colors_info=&#8221;{}&#8221;]<\/p>\n<h2>Gyermelyi fidea 250 g<\/h2>\n<h4>\u00a018buc\/bax<\/h4>\n<h3>4,00 Lei<\/h3>\n<p>[\/et_pb_text][\/et_pb_column][\/et_pb_row][et_pb_row column_structure=&#8221;1_3,1_3,1_3&#8243; _builder_version=&#8221;4.21.2&#8243; _module_preset=&#8221;default&#8221; global_colors_info=&#8221;{}&#8221;][et_pb_column type=&#8221;1_3&#8243; _builder_version=&#8221;4.21.2&#8243; _module_preset=&#8221;default&#8221; global_colors_info=&#8221;{}&#8221;][et_pb_image src=&#8221;https:\/\/deakhamor.ro\/wp-content\/uploads\/2026\/04\/pasta-tomate-e1776244047147.png&#8221; title_text=&#8221;pasta tomate&#8221; align=&#8221;center&#8221; _builder_version=&#8221;4.27.3&#8243; _module_preset=&#8221;default&#8221; global_colors_info=&#8221;{}&#8221;][\/et_pb_image][et_pb_text _builder_version=&#8221;4.27.3&#8243; _module_preset=&#8221;default&#8221; text_font=&#8221;Poppins||||||||&#8221; text_text_color=&#8221;#000000&#8243; header_2_font=&#8221;Poppins|700|||||||&#8221; header_3_font=&#8221;Bebas Neue|800|||||||&#8221; header_3_text_color=&#8221;#E02B20&#8243; header_3_font_size=&#8221;30px&#8221; header_3_line_height=&#8221;1.5em&#8221; text_orientation=&#8221;center&#8221; global_colors_info=&#8221;{}&#8221;]<\/p>\n<h2>Dawtona Pasta de<br \/>tomate<\/h2>\n<p>80g -20buc\/bax<\/p>\n<h3><span style=\"color: #ff0000;\">2,75 LEI<\/span><\/h3>\n<p>[\/et_pb_text][\/et_pb_column][et_pb_column type=&#8221;1_3&#8243; _builder_version=&#8221;4.21.2&#8243; _module_preset=&#8221;default&#8221; global_colors_info=&#8221;{}&#8221;][et_pb_image src=&#8221;https:\/\/deakhamor.ro\/wp-content\/uploads\/2026\/04\/pasta-dulce-acrisor-e1776247313506.png&#8221; title_text=&#8221;pasta dulce acrisor&#8221; align=&#8221;center&#8221; _builder_version=&#8221;4.27.3&#8243; _module_preset=&#8221;default&#8221; global_colors_info=&#8221;{}&#8221;][\/et_pb_image][et_pb_text _builder_version=&#8221;4.27.3&#8243; _module_preset=&#8221;default&#8221; text_font=&#8221;Poppins||||||||&#8221; text_text_color=&#8221;#000000&#8243; header_2_font=&#8221;Poppins|700|||||||&#8221; header_3_font=&#8221;Bebas Neue|800|||||||&#8221; header_3_text_color=&#8221;#E02B20&#8243; header_3_font_size=&#8221;30px&#8221; header_3_line_height=&#8221;1.5em&#8221; text_orientation=&#8221;center&#8221; global_colors_info=&#8221;{}&#8221;]<\/p>\n<h2>\u00a0 \u00a0 \u00a0Dawtona Sos\u00a0 \u00a0 \u00a0 \u00a0 \u00a0 \u00a0 \u00a0 \u00a0 \u00a0 \u00a0 \u00a0 dulce acrisor<\/h2>\n<p>360g- 6buc\/bax<\/p>\n<h3><span style=\"color: #ff0000;\">5,60 LEI<\/span><\/h3>\n<p>[\/et_pb_text][\/et_pb_column][et_pb_column type=&#8221;1_3&#8243; _builder_version=&#8221;4.21.2&#8243; _module_preset=&#8221;default&#8221; global_colors_info=&#8221;{}&#8221;][et_pb_image src=&#8221;https:\/\/deakhamor.ro\/wp-content\/uploads\/2026\/04\/pasta-mexico-e1776247570857.png&#8221; title_text=&#8221;pasta mexico&#8221; align=&#8221;center&#8221; _builder_version=&#8221;4.27.3&#8243; _module_preset=&#8221;default&#8221; global_colors_info=&#8221;{}&#8221;][\/et_pb_image][et_pb_text _builder_version=&#8221;4.27.3&#8243; _module_preset=&#8221;default&#8221; text_font=&#8221;Poppins||||||||&#8221; text_text_color=&#8221;#000000&#8243; header_2_font=&#8221;Poppins|700|||||||&#8221; header_3_font=&#8221;Bebas Neue|800|||||||&#8221; header_3_text_color=&#8221;#E02B20&#8243; header_3_font_size=&#8221;30px&#8221; header_3_line_height=&#8221;1.5em&#8221; text_orientation=&#8221;center&#8221; global_colors_info=&#8221;{}&#8221;]<\/p>\n<h2>Dawtona Sos\u00a0<br \/>mexico<\/h2>\n<p>360g-6buc\/bax<\/p>\n<h3><span style=\"color: #ff0000;\">5,60 LEI<\/span><\/h3>\n<p>[\/et_pb_text][\/et_pb_column][\/et_pb_row][et_pb_row _builder_version=&#8221;4.27.3&#8243; _module_preset=&#8221;default&#8221; global_colors_info=&#8221;{}&#8221;][et_pb_column type=&#8221;4_4&#8243; _builder_version=&#8221;4.21.2&#8243; _module_preset=&#8221;default&#8221; global_colors_info=&#8221;{}&#8221;][et_pb_image src=&#8221;https:\/\/deakhamor.ro\/wp-content\/uploads\/2023\/10\/Alim-08-e1776247861238.jpg&#8221; title_text=&#8221;Alim-08&#8243; show_in_lightbox=&#8221;on&#8221; align=&#8221;center&#8221; _builder_version=&#8221;4.27.3&#8243; _module_preset=&#8221;default&#8221; hover_enabled=&#8221;0&#8243; global_colors_info=&#8221;{}&#8221; sticky_enabled=&#8221;0&#8243;][\/et_pb_image][et_pb_text _builder_version=&#8221;4.27.3&#8243; _module_preset=&#8221;default&#8221; text_font=&#8221;Poppins||||||||&#8221; text_text_color=&#8221;#000000&#8243; header_2_font=&#8221;Poppins|700|||||||&#8221; header_3_font=&#8221;Bebas Neue|800|||||||&#8221; header_3_text_color=&#8221;#E02B20&#8243; header_3_font_size=&#8221;30px&#8221; header_3_line_height=&#8221;1.5em&#8221; text_orientation=&#8221;center&#8221; hover_enabled=&#8221;0&#8243; global_colors_info=&#8221;{}&#8221; sticky_enabled=&#8221;0&#8243;]<\/p>\n<h2>Dawtona 500 g<\/h2>\n<p>-12 buc\/bax<\/p>\n<h3><span style=\"color: #999999;\"><span style=\"color: #ff0000;\">5,00 LEI<\/span>\u00a0<\/span><\/h3>\n<p>[\/et_pb_text][\/et_pb_column][\/et_pb_row][\/et_pb_section][et_pb_section fb_built=&#8221;1&#8243; _builder_version=&#8221;4.21.2&#8243; _module_preset=&#8221;default&#8221; global_colors_info=&#8221;{}&#8221;][et_pb_row column_structure=&#8221;1_6,1_6,1_6,1_6,1_6,1_6&#8243; _builder_version=&#8221;4.21.2&#8243; _module_preset=&#8221;default&#8221; custom_padding=&#8221;0px|||||&#8221; global_colors_info=&#8221;{}&#8221;][et_pb_column type=&#8221;1_6&#8243; _builder_version=&#8221;4.21.2&#8243; _module_preset=&#8221;default&#8221; global_colors_info=&#8221;{}&#8221;][et_pb_button button_url=&#8221;\/kavek&#8221; button_text=&#8221;K\u00e1v\u00e9k&#8221; button_alignment=&#8221;center&#8221; _builder_version=&#8221;4.21.2&#8243; _module_preset=&#8221;default&#8221; custom_button=&#8221;on&#8221; global_colors_info=&#8221;{}&#8221;][\/et_pb_button][\/et_pb_column][et_pb_column type=&#8221;1_6&#8243; _builder_version=&#8221;4.21.2&#8243; _module_preset=&#8221;default&#8221; global_colors_info=&#8221;{}&#8221;][et_pb_button button_url=&#8221;\/edessegek&#8221; button_text=&#8221;\u00c9dess\u00e9gek&#8221; button_alignment=&#8221;center&#8221; _builder_version=&#8221;4.21.2&#8243; _module_preset=&#8221;default&#8221; global_colors_info=&#8221;{}&#8221;][\/et_pb_button][\/et_pb_column][et_pb_column type=&#8221;1_6&#8243; _builder_version=&#8221;4.21.2&#8243; _module_preset=&#8221;default&#8221; global_colors_info=&#8221;{}&#8221;][et_pb_button button_url=&#8221;\/elelmiszer&#8221; button_text=&#8221;\u00c9lelmiszer&#8221; button_alignment=&#8221;center&#8221; _builder_version=&#8221;4.21.2&#8243; _module_preset=&#8221;default&#8221; global_colors_info=&#8221;{}&#8221;][\/et_pb_button][\/et_pb_column][et_pb_column type=&#8221;1_6&#8243; _builder_version=&#8221;4.21.2&#8243; _module_preset=&#8221;default&#8221; global_colors_info=&#8221;{}&#8221;][et_pb_button button_url=&#8221;\/konzervek&#8221; button_text=&#8221;Konzervek&#8221; button_alignment=&#8221;center&#8221; _builder_version=&#8221;4.21.2&#8243; _module_preset=&#8221;default&#8221; global_colors_info=&#8221;{}&#8221;][\/et_pb_button][\/et_pb_column][et_pb_column type=&#8221;1_6&#8243; _builder_version=&#8221;4.21.2&#8243; _module_preset=&#8221;default&#8221; global_colors_info=&#8221;{}&#8221;][et_pb_button button_url=&#8221;\/uditok-asvanyviz&#8221; button_text=&#8221;\u00dcd\u00edt\u0151k&#8221; button_alignment=&#8221;center&#8221; _builder_version=&#8221;4.21.2&#8243; _module_preset=&#8221;default&#8221; global_colors_info=&#8221;{}&#8221;][\/et_pb_button][\/et_pb_column][et_pb_column type=&#8221;1_6&#8243; _builder_version=&#8221;4.21.2&#8243; _module_preset=&#8221;default&#8221; global_colors_info=&#8221;{}&#8221;][et_pb_button button_url=&#8221;\/italok-2&#8243; button_text=&#8221;Italok&#8221; button_alignment=&#8221;center&#8221; _builder_version=&#8221;4.21.2&#8243; _module_preset=&#8221;default&#8221; global_colors_info=&#8221;{}&#8221;][\/et_pb_button][\/et_pb_column][\/et_pb_row][et_pb_row column_structure=&#8221;1_3,1_3,1_3&#8243; _builder_version=&#8221;4.21.2&#8243; _module_preset=&#8221;default&#8221; custom_padding=&#8221;0px|||||&#8221; global_colors_info=&#8221;{}&#8221;][et_pb_column type=&#8221;1_3&#8243; _builder_version=&#8221;4.21.2&#8243; _module_preset=&#8221;default&#8221; global_colors_info=&#8221;{}&#8221;][et_pb_button button_url=&#8221;\/pezsgok&#8221; button_text=&#8221;Pezsg\u0151k&#8221; button_alignment=&#8221;center&#8221; _builder_version=&#8221;4.21.2&#8243; _module_preset=&#8221;default&#8221; global_colors_info=&#8221;{}&#8221;][\/et_pb_button][\/et_pb_column][et_pb_column type=&#8221;1_3&#8243; _builder_version=&#8221;4.21.2&#8243; _module_preset=&#8221;default&#8221; global_colors_info=&#8221;{}&#8221;][et_pb_button button_url=&#8221;\/non-food&#8221; button_text=&#8221;Ipari&#8221; button_alignment=&#8221;center&#8221; _builder_version=&#8221;4.21.2&#8243; _module_preset=&#8221;default&#8221; global_colors_info=&#8221;{}&#8221;][\/et_pb_button][\/et_pb_column][et_pb_column type=&#8221;1_3&#8243; _builder_version=&#8221;4.21.2&#8243; _module_preset=&#8221;default&#8221; global_colors_info=&#8221;{}&#8221;][et_pb_button button_url=&#8221;\/allateledel&#8221; button_text=&#8221;\u00c1llateledel&#8221; button_alignment=&#8221;center&#8221; _builder_version=&#8221;4.21.2&#8243; _module_preset=&#8221;default&#8221; global_colors_info=&#8221;{}&#8221;][\/et_pb_button][\/et_pb_column][\/et_pb_row][\/et_pb_section]<\/p>\n","protected":false},"excerpt":{"rendered":"<p>Ulei Surasul soarelui 1L 6buc\/bax 7,50 Lei.Ulei Aro 1 L 6buc\/bax 7,49 LEIZahar Diamant 1 kg &#8211; 10buc\/bax 3,80 LeiFaina Pambac1kg 10buc\/bax 2,80 LeiFaina Gyermelyi1kg 10buc\/bax 3,30 LeiGyermelyi fidea 250 g \u00a018buc\/bax 4,00 LeiDawtona Pasta detomate 80g -20buc\/bax 2,75 LEI\u00a0 \u00a0 \u00a0Dawtona Sos\u00a0 \u00a0 \u00a0 \u00a0 \u00a0 \u00a0 \u00a0 \u00a0 \u00a0 \u00a0 \u00a0 dulce acrisor [&hellip;]<\/p>\n","protected":false},"author":1,"featured_media":0,"parent":0,"menu_order":0,"comment_status":"closed","ping_status":"closed","template":"","meta":{"_et_pb_use_builder":"on","_et_pb_old_content":"","_et_gb_content_width":"","footnotes":""},"class_list":["post-584","page","type-page","status-publish","hentry"],"_links":{"self":[{"href":"https:\/\/deakhamor.ro\/ro\/wp-json\/wp\/v2\/pages\/584","targetHints":{"allow":["GET"]}}],"collection":[{"href":"https:\/\/deakhamor.ro\/ro\/wp-json\/wp\/v2\/pages"}],"about":[{"href":"https:\/\/deakhamor.ro\/ro\/wp-json\/wp\/v2\/types\/page"}],"author":[{"embeddable":true,"href":"https:\/\/deakhamor.ro\/ro\/wp-json\/wp\/v2\/users\/1"}],"replies":[{"embeddable":true,"href":"https:\/\/deakhamor.ro\/ro\/wp-json\/wp\/v2\/comments?post=584"}],"version-history":[{"count":27,"href":"https:\/\/deakhamor.ro\/ro\/wp-json\/wp\/v2\/pages\/584\/revisions"}],"predecessor-version":[{"id":964,"href":"https:\/\/deakhamor.ro\/ro\/wp-json\/wp\/v2\/pages\/584\/revisions\/964"}],"wp:attachment":[{"href":"https:\/\/deakhamor.ro\/ro\/wp-json\/wp\/v2\/media?parent=584"}],"curies":[{"name":"wp","href":"https:\/\/api.w.org\/{rel}","templated":true}]}}